{"id":2867,"date":"2018-12-28T16:33:01","date_gmt":"2018-12-28T15:33:01","guid":{"rendered":"http:\/\/www.mierlo-oldtimer.nl\/?page_id=2867"},"modified":"2021-07-08T10:41:42","modified_gmt":"2021-07-08T09:41:42","slug":"showroom","status":"publish","type":"page","link":"https:\/\/www.mierlo-oldtimer.nl\/fr\/showroom\/","title":{"rendered":"Showroom"},"content":{"rendered":"<p>Vous souhaitez venir voir notre collection ?<br \/>\nVous \u00eates les bienvenus dans notre nouveau showroom !<\/p>\n<div class=\"tiled-gallery type-rectangular tiled-gallery-unresized\" data-original-width=\"640\" data-carousel-extra='null' itemscope itemtype=\"http:\/\/schema.org\/ImageGallery\" > <div class=\"gallery-row\" style=\"width: 640px; height: 241px;\" data-original-width=\"640\" data-original-height=\"241\" > <div class=\"gallery-group images-1\" style=\"width: 320px; height: 241px;\" data-original-width=\"320\" data-original-height=\"241\" > <div class=\"tiled-gallery-item tiled-gallery-item-large\" itemprop=\"associatedMedia\" itemscope itemtype=\"http:\/\/schema.org\/ImageObject\"> <a href=\"https:\/\/www.mierlo-oldtimer.nl\/fr\/showroom\/img_6773\/\" border=\"0\" itemprop=\"url\"> <meta itemprop=\"width\" content=\"316\"> <meta itemprop=\"height\" content=\"237\"> <img decoding=\"async\" class=\"\" data-attachment-id=\"5017\" data-orig-file=\"https:\/\/www.mierlo-oldtimer.nl\/wp-content\/uploads\/2021\/07\/IMG_6773-e1625736641740.jpg\" data-orig-size=\"680,510\" data-comments-opened=\"1\" data-image-meta=\"{&quot;aperture&quot;:&quot;1.8&quot;,&quot;credit&quot;:&quot;&quot;,&quot;camera&quot;:&quot;iPhone 7&quot;,&quot;caption&quot;:&quot;&quot;,&quot;created_timestamp&quot;:&quot;1610208432&quot;,&quot;copyright&quot;:&quot;&quot;,&quot;focal_length&quot;:&quot;3.99&quot;,&quot;iso&quot;:&quot;100&quot;,&quot;shutter_speed&quot;:&quot;0.058823529411765&quot;,&quot;title&quot;:&quot;&quot;,&quot;orientation&quot;:&quot;0&quot;}\" data-image-title=\"IMG_6773\" data-image-description=\"\" data-medium-file=\"https:\/\/www.mierlo-oldtimer.nl\/wp-content\/uploads\/2021\/07\/IMG_6773-300x225.jpg\" data-large-file=\"https:\/\/www.mierlo-oldtimer.nl\/wp-content\/uploads\/2021\/07\/IMG_6773-1024x768.jpg\" src=\"https:\/\/i0.wp.com\/www.mierlo-oldtimer.nl\/wp-content\/uploads\/2021\/07\/IMG_6773-e1625736641740.jpg?w=316&#038;h=237&#038;ssl=1\" width=\"316\" height=\"237\" loading=\"lazy\" data-original-width=\"316\" data-original-height=\"237\" itemprop=\"http:\/\/schema.org\/image\" title=\"IMG_6773\" alt=\"showroom\" style=\"width: 316px; height: 237px;\" \/> <\/a> <div class=\"tiled-gallery-caption\" itemprop=\"caption description\"> showroom <\/div> <\/div> <\/div> <!-- close group --> <div class=\"gallery-group images-1\" style=\"width: 320px; height: 241px;\" data-original-width=\"320\" data-original-height=\"241\" > <div class=\"tiled-gallery-item tiled-gallery-item-large\" itemprop=\"associatedMedia\" itemscope itemtype=\"http:\/\/schema.org\/ImageObject\"> <a href=\"https:\/\/www.mierlo-oldtimer.nl\/fr\/showroom\/img_4591-2\/\" border=\"0\" itemprop=\"url\"> <meta itemprop=\"width\" content=\"316\"> <meta itemprop=\"height\" content=\"237\"> <img decoding=\"async\" class=\"\" data-attachment-id=\"5023\" data-orig-file=\"https:\/\/www.mierlo-oldtimer.nl\/wp-content\/uploads\/2021\/07\/IMG_4591-1-e1625737051294.jpg\" data-orig-size=\"680,510\" data-comments-opened=\"1\" data-image-meta=\"{&quot;aperture&quot;:&quot;1.8&quot;,&quot;credit&quot;:&quot;&quot;,&quot;camera&quot;:&quot;iPhone 7&quot;,&quot;caption&quot;:&quot;&quot;,&quot;created_timestamp&quot;:&quot;1592242165&quot;,&quot;copyright&quot;:&quot;&quot;,&quot;focal_length&quot;:&quot;3.99&quot;,&quot;iso&quot;:&quot;25&quot;,&quot;shutter_speed&quot;:&quot;0.02&quot;,&quot;title&quot;:&quot;&quot;,&quot;orientation&quot;:&quot;0&quot;}\" data-image-title=\"IMG_4591\" data-image-description=\"\" data-medium-file=\"https:\/\/www.mierlo-oldtimer.nl\/wp-content\/uploads\/2021\/07\/IMG_4591-1-300x225.jpg\" data-large-file=\"https:\/\/www.mierlo-oldtimer.nl\/wp-content\/uploads\/2021\/07\/IMG_4591-1-1024x768.jpg\" src=\"https:\/\/i0.wp.com\/www.mierlo-oldtimer.nl\/wp-content\/uploads\/2021\/07\/IMG_4591-1-e1625737051294.jpg?w=316&#038;h=237&#038;ssl=1\" width=\"316\" height=\"237\" loading=\"lazy\" data-original-width=\"316\" data-original-height=\"237\" itemprop=\"http:\/\/schema.org\/image\" title=\"IMG_4591\" alt=\"showroom\" style=\"width: 316px; height: 237px;\" \/> <\/a> <div class=\"tiled-gallery-caption\" itemprop=\"caption description\"> showroom <\/div> <\/div> <\/div> <!-- close group --> <\/div> <!-- close row --> <\/div>\n<p>Veuillez prendre rendez-vous \u00e0 l&rsquo;avance afin que nous puissions vous garantir que nous avons du temps pour vous et que nous puissions vous accorder l&rsquo;attention que vous m\u00e9ritez. Et bien s\u00fbr pour \u00e9viter de se tenir devant une porte ferm\u00e9e.<\/p>\n<p><strong>Nous sommes pr\u00e9sents aux salons suivants :<\/strong><\/p>\n<p>Eh bien, Corona&#8230; Donc pas de salons pr\u00e9vus pour le moment.<\/p>\n","protected":false},"excerpt":{"rendered":"<p>Vous souhaitez venir voir notre collection ? Vous \u00eates les bienvenus dans notre nouveau showroom ! Veuillez prendre rendez-vous \u00e0 l&rsquo;avance afin que nous puissions vous garantir que nous avons du temps pour vous et que nous puissions vous accorder l&rsquo;attention que vous m\u00e9ritez. Et bien s\u00fbr pour \u00e9viter de se tenir devant une porte<\/p>\n<p><a class=\"moretag\" href=\"https:\/\/www.mierlo-oldtimer.nl\/fr\/showroom\/\"><img decoding=\"async\" src=\"https:\/\/www.mierlo-oldtimer.nl\/wp-content\/themes\/arets\/images\/readmore.png\">&nbsp;<\/a><\/p>\n","protected":false},"author":5,"featured_media":0,"parent":0,"menu_order":0,"comment_status":"closed","ping_status":"closed","template":"","meta":{"footnotes":""},"class_list":["post-2867","page","type-page","status-publish","hentry"],"translation":{"provider":"WPGlobus","version":"3.0.1","language":"fr","enabled_languages":["nl","en","de","fr"],"languages":{"nl":{"title":true,"content":true,"excerpt":false},"en":{"title":true,"content":true,"excerpt":false},"de":{"title":true,"content":true,"excerpt":false},"fr":{"title":true,"content":true,"excerpt":false}}},"yoast_head":"<!-- This site is optimized with the Yoast SEO plugin v26.8 - https:\/\/yoast.com\/product\/yoast-seo-wordpress\/ -->\n<title>Showroom - Mierlo Oldtimer<\/title>\n<meta name=\"robots\" content=\"index, follow, max-snippet:-1, max-image-preview:large, max-video-preview:-1\" \/>\n<link rel=\"canonical\" href=\"https:\/\/www.mierlo-oldtimer.nl\/showroom\/\" \/>\n<meta property=\"og:locale\" content=\"fr_FR\" \/>\n<meta property=\"og:type\" content=\"article\" \/>\n<meta property=\"og:title\" content=\"Showroom - Mierlo Oldtimer\" \/>\n<meta property=\"og:url\" content=\"https:\/\/www.mierlo-oldtimer.nl\/showroom\/\" \/>\n<meta property=\"og:site_name\" content=\"Mierlo Oldtimer\" \/>\n<meta property=\"article:modified_time\" content=\"2021-07-08T09:41:42+00:00\" \/>\n<meta property=\"og:image\" content=\"https:\/\/i0.wp.com\/www.mierlo-oldtimer.nl\/wp-content\/uploads\/2021\/07\/IMG_6773-e1625736641740.jpg?w=316&#038;h=237&#038;ssl=1\" \/>\n<meta name=\"twitter:card\" content=\"summary_large_image\" \/>\n<meta name=\"twitter:label1\" content=\"Dur\u00e9e de lecture estim\u00e9e\" \/>\n\t<meta name=\"twitter:data1\" content=\"1 minute\" \/>\n<script type=\"application\/ld+json\" class=\"yoast-schema-graph\">{\"@context\":\"https:\/\/schema.org\",\"@graph\":[{\"@type\":\"WebPage\",\"@id\":\"https:\/\/www.mierlo-oldtimer.nl\/showroom\/\",\"url\":\"https:\/\/www.mierlo-oldtimer.nl\/showroom\/\",\"name\":\"Showroom - Mierlo Oldtimer\",\"isPartOf\":{\"@id\":\"https:\/\/www.mierlo-oldtimer.nl\/#website\"},\"datePublished\":\"2018-12-28T15:33:01+00:00\",\"dateModified\":\"2021-07-08T09:41:42+00:00\",\"breadcrumb\":{\"@id\":\"https:\/\/www.mierlo-oldtimer.nl\/showroom\/#breadcrumb\"},\"inLanguage\":\"fr-FR\",\"potentialAction\":[{\"@type\":\"ReadAction\",\"target\":[\"https:\/\/www.mierlo-oldtimer.nl\/showroom\/\"]}]},{\"@type\":\"BreadcrumbList\",\"@id\":\"https:\/\/www.mierlo-oldtimer.nl\/showroom\/#breadcrumb\",\"itemListElement\":[{\"@type\":\"ListItem\",\"position\":1,\"name\":\"Home\",\"item\":\"https:\/\/www.mierlo-oldtimer.nl\/\"},{\"@type\":\"ListItem\",\"position\":2,\"name\":\"Showroom\"}]},{\"@type\":\"WebSite\",\"@id\":\"https:\/\/www.mierlo-oldtimer.nl\/#website\",\"url\":\"https:\/\/www.mierlo-oldtimer.nl\/\",\"name\":\"Mierlo Oldtimer\",\"description\":\"Classic cars\",\"publisher\":{\"@id\":\"https:\/\/www.mierlo-oldtimer.nl\/#organization\"},\"potentialAction\":[{\"@type\":\"SearchAction\",\"target\":{\"@type\":\"EntryPoint\",\"urlTemplate\":\"https:\/\/www.mierlo-oldtimer.nl\/?s={search_term_string}\"},\"query-input\":{\"@type\":\"PropertyValueSpecification\",\"valueRequired\":true,\"valueName\":\"search_term_string\"}}],\"inLanguage\":\"fr-FR\"},{\"@type\":\"Organization\",\"@id\":\"https:\/\/www.mierlo-oldtimer.nl\/#organization\",\"name\":\"Arets-Oldtimers\",\"url\":\"https:\/\/www.mierlo-oldtimer.nl\/\",\"logo\":{\"@type\":\"ImageObject\",\"inLanguage\":\"fr-FR\",\"@id\":\"https:\/\/www.mierlo-oldtimer.nl\/#\/schema\/logo\/image\/\",\"url\":\"https:\/\/www.mierlo-oldtimer.nl\/wp-content\/uploads\/2015\/12\/logo.png\",\"contentUrl\":\"https:\/\/www.mierlo-oldtimer.nl\/wp-content\/uploads\/2015\/12\/logo.png\",\"width\":344,\"height\":68,\"caption\":\"Arets-Oldtimers\"},\"image\":{\"@id\":\"https:\/\/www.mierlo-oldtimer.nl\/#\/schema\/logo\/image\/\"}}]}<\/script>\n<!-- \/ Yoast SEO plugin. -->","yoast_head_json":{"title":"Showroom - Mierlo Oldtimer","robots":{"index":"index","follow":"follow","max-snippet":"max-snippet:-1","max-image-preview":"max-image-preview:large","max-video-preview":"max-video-preview:-1"},"canonical":"https:\/\/www.mierlo-oldtimer.nl\/showroom\/","og_locale":"fr_FR","og_type":"article","og_title":"Showroom - Mierlo Oldtimer","og_url":"https:\/\/www.mierlo-oldtimer.nl\/showroom\/","og_site_name":"Mierlo Oldtimer","article_modified_time":"2021-07-08T09:41:42+00:00","og_image":[{"url":"https:\/\/i0.wp.com\/www.mierlo-oldtimer.nl\/wp-content\/uploads\/2021\/07\/IMG_6773-e1625736641740.jpg?w=316&#038;h=237&#038;ssl=1","type":"","width":"","height":""}],"twitter_card":"summary_large_image","twitter_misc":{"Dur\u00e9e de lecture estim\u00e9e":"1 minute"},"schema":{"@context":"https:\/\/schema.org","@graph":[{"@type":"WebPage","@id":"https:\/\/www.mierlo-oldtimer.nl\/showroom\/","url":"https:\/\/www.mierlo-oldtimer.nl\/showroom\/","name":"Showroom - Mierlo Oldtimer","isPartOf":{"@id":"https:\/\/www.mierlo-oldtimer.nl\/#website"},"datePublished":"2018-12-28T15:33:01+00:00","dateModified":"2021-07-08T09:41:42+00:00","breadcrumb":{"@id":"https:\/\/www.mierlo-oldtimer.nl\/showroom\/#breadcrumb"},"inLanguage":"fr-FR","potentialAction":[{"@type":"ReadAction","target":["https:\/\/www.mierlo-oldtimer.nl\/showroom\/"]}]},{"@type":"BreadcrumbList","@id":"https:\/\/www.mierlo-oldtimer.nl\/showroom\/#breadcrumb","itemListElement":[{"@type":"ListItem","position":1,"name":"Home","item":"https:\/\/www.mierlo-oldtimer.nl\/"},{"@type":"ListItem","position":2,"name":"Showroom"}]},{"@type":"WebSite","@id":"https:\/\/www.mierlo-oldtimer.nl\/#website","url":"https:\/\/www.mierlo-oldtimer.nl\/","name":"Mierlo Oldtimer","description":"Classic cars","publisher":{"@id":"https:\/\/www.mierlo-oldtimer.nl\/#organization"},"potentialAction":[{"@type":"SearchAction","target":{"@type":"EntryPoint","urlTemplate":"https:\/\/www.mierlo-oldtimer.nl\/?s={search_term_string}"},"query-input":{"@type":"PropertyValueSpecification","valueRequired":true,"valueName":"search_term_string"}}],"inLanguage":"fr-FR"},{"@type":"Organization","@id":"https:\/\/www.mierlo-oldtimer.nl\/#organization","name":"Arets-Oldtimers","url":"https:\/\/www.mierlo-oldtimer.nl\/","logo":{"@type":"ImageObject","inLanguage":"fr-FR","@id":"https:\/\/www.mierlo-oldtimer.nl\/#\/schema\/logo\/image\/","url":"https:\/\/www.mierlo-oldtimer.nl\/wp-content\/uploads\/2015\/12\/logo.png","contentUrl":"https:\/\/www.mierlo-oldtimer.nl\/wp-content\/uploads\/2015\/12\/logo.png","width":344,"height":68,"caption":"Arets-Oldtimers"},"image":{"@id":"https:\/\/www.mierlo-oldtimer.nl\/#\/schema\/logo\/image\/"}}]}},"jetpack_sharing_enabled":true,"_links":{"self":[{"href":"https:\/\/www.mierlo-oldtimer.nl\/fr\/wp-json\/wp\/v2\/pages\/2867","targetHints":{"allow":["GET"]}}],"collection":[{"href":"https:\/\/www.mierlo-oldtimer.nl\/fr\/wp-json\/wp\/v2\/pages"}],"about":[{"href":"https:\/\/www.mierlo-oldtimer.nl\/fr\/wp-json\/wp\/v2\/types\/page"}],"author":[{"embeddable":true,"href":"https:\/\/www.mierlo-oldtimer.nl\/fr\/wp-json\/wp\/v2\/users\/5"}],"replies":[{"embeddable":true,"href":"https:\/\/www.mierlo-oldtimer.nl\/fr\/wp-json\/wp\/v2\/comments?post=2867"}],"version-history":[{"count":17,"href":"https:\/\/www.mierlo-oldtimer.nl\/fr\/wp-json\/wp\/v2\/pages\/2867\/revisions"}],"predecessor-version":[{"id":5309,"href":"https:\/\/www.mierlo-oldtimer.nl\/fr\/wp-json\/wp\/v2\/pages\/2867\/revisions\/5309"}],"wp:attachment":[{"href":"https:\/\/www.mierlo-oldtimer.nl\/fr\/wp-json\/wp\/v2\/media?parent=2867"}],"curies":[{"name":"wp","href":"https:\/\/api.w.org\/{rel}","templated":true}]}}