{"id":24,"date":"2018-10-25T11:07:28","date_gmt":"2018-10-25T10:07:28","guid":{"rendered":"http:\/\/www.mierlo-oldtimer.nl\/?page_id=24"},"modified":"2025-11-18T12:45:17","modified_gmt":"2025-11-18T11:45:17","slug":"home","status":"publish","type":"page","link":"https:\/\/www.mierlo-oldtimer.nl\/fr\/","title":{"rendered":"Bienvenue"},"content":{"rendered":"<p>Bienvenue chez Mierlo Oldtimer. Nous l&rsquo;avons gard\u00e9 petit en termes de co\u00fbts : pas de personnel et un endroit simple, mais charmant et chaleureux.<\/p>\n<p>Il y a plus de 30 ans, nous avons commenc\u00e9 \u00e0 importer des voitures de la (c\u00f4te ouest des) \u00c9tats-Unis et depuis 20 ans \u00e9galement d&rsquo;Italie. Ces derni\u00e8res ann\u00e9es, l&rsquo;objectif des achats aux \u00c9tats-Unis s&rsquo;est d\u00e9plac\u00e9 vers l&rsquo;Europe.<br \/>\nNous nous sommes traditionnellement sp\u00e9cialis\u00e9s dans les voitures anglaises \u00e0 restaurer, comme les MG A et B, Triumph TR 2 \u00e0 6, Austin Healey et Jaguar. Nous aimons aussi acheter des exotiques classiques et des Mercedes sp\u00e9ciales.<\/p>\n<p>Nous avons actuellement une large gamme de voitures en stock, du projet de restauration au pr\u00eat \u00e0 conduire.<\/p>\n<p>N&rsquo;h\u00e9sitez pas \u00e0 nous rendre visite : sur rendez-vous uniquement !<\/p>\n","protected":false},"excerpt":{"rendered":"<p>Bienvenue chez Mierlo Oldtimer. Nous l&rsquo;avons gard\u00e9 petit en termes de co\u00fbts : pas de personnel et un endroit simple, mais charmant et chaleureux. Il y a plus de 30 ans, nous avons commenc\u00e9 \u00e0 importer des voitures de la (c\u00f4te ouest des) \u00c9tats-Unis et depuis 20 ans \u00e9galement d&rsquo;Italie. Ces derni\u00e8res ann\u00e9es, l&rsquo;objectif des<\/p>\n<p><a class=\"moretag\" href=\"https:\/\/www.mierlo-oldtimer.nl\/fr\/\"><img decoding=\"async\" src=\"https:\/\/www.mierlo-oldtimer.nl\/wp-content\/themes\/arets\/images\/readmore.png\">&nbsp;<\/a><\/p>\n","protected":false},"author":1,"featured_media":0,"parent":0,"menu_order":0,"comment_status":"closed","ping_status":"closed","template":"","meta":{"footnotes":""},"class_list":["post-24","page","type-page","status-publish","hentry"],"translation":{"provider":"WPGlobus","version":"3.0.1","language":"fr","enabled_languages":["nl","en","de","fr"],"languages":{"nl":{"title":true,"content":true,"excerpt":false},"en":{"title":true,"content":true,"excerpt":false},"de":{"title":true,"content":true,"excerpt":false},"fr":{"title":true,"content":true,"excerpt":false}}},"yoast_head":"<!-- This site is optimized with the Yoast SEO plugin v26.8 - https:\/\/yoast.com\/product\/yoast-seo-wordpress\/ -->\n<title>Bienvenue - Mierlo Oldtimer<\/title>\n<meta name=\"robots\" content=\"index, follow, max-snippet:-1, max-image-preview:large, max-video-preview:-1\" \/>\n<link rel=\"canonical\" href=\"https:\/\/www.mierlo-oldtimer.nl\/\" \/>\n<meta property=\"og:locale\" content=\"fr_FR\" \/>\n<meta property=\"og:type\" content=\"article\" \/>\n<meta property=\"og:title\" content=\"Bienvenue - Mierlo Oldtimer\" \/>\n<meta property=\"og:url\" content=\"https:\/\/www.mierlo-oldtimer.nl\/\" \/>\n<meta property=\"og:site_name\" content=\"Mierlo Oldtimer\" \/>\n<meta property=\"article:modified_time\" content=\"2025-11-18T11:45:17+00:00\" \/>\n<meta name=\"twitter:card\" content=\"summary_large_image\" \/>\n<meta name=\"twitter:label1\" content=\"Dur\u00e9e de lecture estim\u00e9e\" \/>\n\t<meta name=\"twitter:data1\" content=\"1 minute\" \/>\n<script type=\"application\/ld+json\" class=\"yoast-schema-graph\">{\"@context\":\"https:\/\/schema.org\",\"@graph\":[{\"@type\":\"WebPage\",\"@id\":\"https:\/\/www.mierlo-oldtimer.nl\/\",\"url\":\"https:\/\/www.mierlo-oldtimer.nl\/\",\"name\":\"Bienvenue - Mierlo Oldtimer\",\"isPartOf\":{\"@id\":\"https:\/\/www.mierlo-oldtimer.nl\/#website\"},\"datePublished\":\"2018-10-25T10:07:28+00:00\",\"dateModified\":\"2025-11-18T11:45:17+00:00\",\"breadcrumb\":{\"@id\":\"https:\/\/www.mierlo-oldtimer.nl\/#breadcrumb\"},\"inLanguage\":\"fr-FR\",\"potentialAction\":[{\"@type\":\"ReadAction\",\"target\":[\"https:\/\/www.mierlo-oldtimer.nl\/\"]}]},{\"@type\":\"BreadcrumbList\",\"@id\":\"https:\/\/www.mierlo-oldtimer.nl\/#breadcrumb\",\"itemListElement\":[{\"@type\":\"ListItem\",\"position\":1,\"name\":\"Home\",\"item\":\"https:\/\/www.mierlo-oldtimer.nl\/\"},{\"@type\":\"ListItem\",\"position\":2,\"name\":\"Welkom\"}]},{\"@type\":\"WebSite\",\"@id\":\"https:\/\/www.mierlo-oldtimer.nl\/#website\",\"url\":\"https:\/\/www.mierlo-oldtimer.nl\/\",\"name\":\"Mierlo Oldtimer\",\"description\":\"Classic cars\",\"publisher\":{\"@id\":\"https:\/\/www.mierlo-oldtimer.nl\/#organization\"},\"potentialAction\":[{\"@type\":\"SearchAction\",\"target\":{\"@type\":\"EntryPoint\",\"urlTemplate\":\"https:\/\/www.mierlo-oldtimer.nl\/?s={search_term_string}\"},\"query-input\":{\"@type\":\"PropertyValueSpecification\",\"valueRequired\":true,\"valueName\":\"search_term_string\"}}],\"inLanguage\":\"fr-FR\"},{\"@type\":\"Organization\",\"@id\":\"https:\/\/www.mierlo-oldtimer.nl\/#organization\",\"name\":\"Arets-Oldtimers\",\"url\":\"https:\/\/www.mierlo-oldtimer.nl\/\",\"logo\":{\"@type\":\"ImageObject\",\"inLanguage\":\"fr-FR\",\"@id\":\"https:\/\/www.mierlo-oldtimer.nl\/#\/schema\/logo\/image\/\",\"url\":\"https:\/\/www.mierlo-oldtimer.nl\/wp-content\/uploads\/2015\/12\/logo.png\",\"contentUrl\":\"https:\/\/www.mierlo-oldtimer.nl\/wp-content\/uploads\/2015\/12\/logo.png\",\"width\":344,\"height\":68,\"caption\":\"Arets-Oldtimers\"},\"image\":{\"@id\":\"https:\/\/www.mierlo-oldtimer.nl\/#\/schema\/logo\/image\/\"}}]}<\/script>\n<!-- \/ Yoast SEO plugin. -->","yoast_head_json":{"title":"Bienvenue - Mierlo Oldtimer","robots":{"index":"index","follow":"follow","max-snippet":"max-snippet:-1","max-image-preview":"max-image-preview:large","max-video-preview":"max-video-preview:-1"},"canonical":"https:\/\/www.mierlo-oldtimer.nl\/","og_locale":"fr_FR","og_type":"article","og_title":"Bienvenue - Mierlo Oldtimer","og_url":"https:\/\/www.mierlo-oldtimer.nl\/","og_site_name":"Mierlo Oldtimer","article_modified_time":"2025-11-18T11:45:17+00:00","twitter_card":"summary_large_image","twitter_misc":{"Dur\u00e9e de lecture estim\u00e9e":"1 minute"},"schema":{"@context":"https:\/\/schema.org","@graph":[{"@type":"WebPage","@id":"https:\/\/www.mierlo-oldtimer.nl\/","url":"https:\/\/www.mierlo-oldtimer.nl\/","name":"Bienvenue - Mierlo Oldtimer","isPartOf":{"@id":"https:\/\/www.mierlo-oldtimer.nl\/#website"},"datePublished":"2018-10-25T10:07:28+00:00","dateModified":"2025-11-18T11:45:17+00:00","breadcrumb":{"@id":"https:\/\/www.mierlo-oldtimer.nl\/#breadcrumb"},"inLanguage":"fr-FR","potentialAction":[{"@type":"ReadAction","target":["https:\/\/www.mierlo-oldtimer.nl\/"]}]},{"@type":"BreadcrumbList","@id":"https:\/\/www.mierlo-oldtimer.nl\/#breadcrumb","itemListElement":[{"@type":"ListItem","position":1,"name":"Home","item":"https:\/\/www.mierlo-oldtimer.nl\/"},{"@type":"ListItem","position":2,"name":"Welkom"}]},{"@type":"WebSite","@id":"https:\/\/www.mierlo-oldtimer.nl\/#website","url":"https:\/\/www.mierlo-oldtimer.nl\/","name":"Mierlo Oldtimer","description":"Classic cars","publisher":{"@id":"https:\/\/www.mierlo-oldtimer.nl\/#organization"},"potentialAction":[{"@type":"SearchAction","target":{"@type":"EntryPoint","urlTemplate":"https:\/\/www.mierlo-oldtimer.nl\/?s={search_term_string}"},"query-input":{"@type":"PropertyValueSpecification","valueRequired":true,"valueName":"search_term_string"}}],"inLanguage":"fr-FR"},{"@type":"Organization","@id":"https:\/\/www.mierlo-oldtimer.nl\/#organization","name":"Arets-Oldtimers","url":"https:\/\/www.mierlo-oldtimer.nl\/","logo":{"@type":"ImageObject","inLanguage":"fr-FR","@id":"https:\/\/www.mierlo-oldtimer.nl\/#\/schema\/logo\/image\/","url":"https:\/\/www.mierlo-oldtimer.nl\/wp-content\/uploads\/2015\/12\/logo.png","contentUrl":"https:\/\/www.mierlo-oldtimer.nl\/wp-content\/uploads\/2015\/12\/logo.png","width":344,"height":68,"caption":"Arets-Oldtimers"},"image":{"@id":"https:\/\/www.mierlo-oldtimer.nl\/#\/schema\/logo\/image\/"}}]}},"jetpack_sharing_enabled":true,"_links":{"self":[{"href":"https:\/\/www.mierlo-oldtimer.nl\/fr\/wp-json\/wp\/v2\/pages\/24","targetHints":{"allow":["GET"]}}],"collection":[{"href":"https:\/\/www.mierlo-oldtimer.nl\/fr\/wp-json\/wp\/v2\/pages"}],"about":[{"href":"https:\/\/www.mierlo-oldtimer.nl\/fr\/wp-json\/wp\/v2\/types\/page"}],"author":[{"embeddable":true,"href":"https:\/\/www.mierlo-oldtimer.nl\/fr\/wp-json\/wp\/v2\/users\/1"}],"replies":[{"embeddable":true,"href":"https:\/\/www.mierlo-oldtimer.nl\/fr\/wp-json\/wp\/v2\/comments?post=24"}],"version-history":[{"count":35,"href":"https:\/\/www.mierlo-oldtimer.nl\/fr\/wp-json\/wp\/v2\/pages\/24\/revisions"}],"predecessor-version":[{"id":6236,"href":"https:\/\/www.mierlo-oldtimer.nl\/fr\/wp-json\/wp\/v2\/pages\/24\/revisions\/6236"}],"wp:attachment":[{"href":"https:\/\/www.mierlo-oldtimer.nl\/fr\/wp-json\/wp\/v2\/media?parent=24"}],"curies":[{"name":"wp","href":"https:\/\/api.w.org\/{rel}","templated":true}]}}