{"id":2,"date":"2017-11-23T17:30:22","date_gmt":"2017-11-23T16:30:22","guid":{"rendered":"http:\/\/www.mierlo-oldtimer.nl\/?page_id=2"},"modified":"2021-07-08T10:19:29","modified_gmt":"2021-07-08T09:19:29","slug":"aanbod","status":"publish","type":"page","link":"https:\/\/www.mierlo-oldtimer.nl\/fr\/aanbod\/","title":{"rendered":"Offre"},"content":{"rendered":"<p>Bienvenue sur la page de vente de Mierlo Oldtimer.<br \/>\nCliquez sur une photo pour l&rsquo;agrandir.<br \/>\nNous ne pouvons partager des informations avec vous que dans une mesure limit\u00e9e via notre site Web, donc si vous \u00eates int\u00e9ress\u00e9, veuillez nous contacter.<\/p>\n","protected":false},"excerpt":{"rendered":"<p>Bienvenue sur la page de vente de Mierlo Oldtimer. Cliquez sur une photo pour l&rsquo;agrandir. Nous ne pouvons partager des informations avec vous que dans une mesure limit\u00e9e via notre site Web, donc si vous \u00eates int\u00e9ress\u00e9, veuillez nous contacter.<\/p>\n","protected":false},"author":1,"featured_media":0,"parent":0,"menu_order":0,"comment_status":"closed","ping_status":"closed","template":"","meta":{"footnotes":""},"class_list":["post-2","page","type-page","status-publish","hentry"],"translation":{"provider":"WPGlobus","version":"3.0.1","language":"fr","enabled_languages":["nl","en","de","fr"],"languages":{"nl":{"title":true,"content":true,"excerpt":false},"en":{"title":true,"content":true,"excerpt":false},"de":{"title":true,"content":true,"excerpt":false},"fr":{"title":true,"content":true,"excerpt":false}}},"yoast_head":"<!-- This site is optimized with the Yoast SEO plugin v26.8 - https:\/\/yoast.com\/product\/yoast-seo-wordpress\/ -->\n<title>Offre - Mierlo Oldtimer<\/title>\n<meta name=\"robots\" content=\"index, follow, max-snippet:-1, max-image-preview:large, max-video-preview:-1\" \/>\n<link rel=\"canonical\" href=\"https:\/\/www.mierlo-oldtimer.nl\/aanbod\/\" \/>\n<meta property=\"og:locale\" content=\"fr_FR\" \/>\n<meta property=\"og:type\" content=\"article\" \/>\n<meta property=\"og:title\" content=\"Offre - Mierlo Oldtimer\" \/>\n<meta property=\"og:url\" content=\"https:\/\/www.mierlo-oldtimer.nl\/aanbod\/\" \/>\n<meta property=\"og:site_name\" content=\"Mierlo Oldtimer\" \/>\n<meta property=\"article:modified_time\" content=\"2021-07-08T09:19:29+00:00\" \/>\n<meta name=\"twitter:card\" content=\"summary_large_image\" \/>\n<meta name=\"twitter:label1\" content=\"Dur\u00e9e de lecture estim\u00e9e\" \/>\n\t<meta name=\"twitter:data1\" content=\"1 minute\" \/>\n<script type=\"application\/ld+json\" class=\"yoast-schema-graph\">{\"@context\":\"https:\/\/schema.org\",\"@graph\":[{\"@type\":\"WebPage\",\"@id\":\"https:\/\/www.mierlo-oldtimer.nl\/aanbod\/\",\"url\":\"https:\/\/www.mierlo-oldtimer.nl\/aanbod\/\",\"name\":\"Offre - Mierlo Oldtimer\",\"isPartOf\":{\"@id\":\"https:\/\/www.mierlo-oldtimer.nl\/#website\"},\"datePublished\":\"2017-11-23T16:30:22+00:00\",\"dateModified\":\"2021-07-08T09:19:29+00:00\",\"breadcrumb\":{\"@id\":\"https:\/\/www.mierlo-oldtimer.nl\/aanbod\/#breadcrumb\"},\"inLanguage\":\"fr-FR\",\"potentialAction\":[{\"@type\":\"ReadAction\",\"target\":[\"https:\/\/www.mierlo-oldtimer.nl\/aanbod\/\"]}]},{\"@type\":\"BreadcrumbList\",\"@id\":\"https:\/\/www.mierlo-oldtimer.nl\/aanbod\/#breadcrumb\",\"itemListElement\":[{\"@type\":\"ListItem\",\"position\":1,\"name\":\"Home\",\"item\":\"https:\/\/www.mierlo-oldtimer.nl\/\"},{\"@type\":\"ListItem\",\"position\":2,\"name\":\"Aanbod\"}]},{\"@type\":\"WebSite\",\"@id\":\"https:\/\/www.mierlo-oldtimer.nl\/#website\",\"url\":\"https:\/\/www.mierlo-oldtimer.nl\/\",\"name\":\"Mierlo Oldtimer\",\"description\":\"Classic cars\",\"publisher\":{\"@id\":\"https:\/\/www.mierlo-oldtimer.nl\/#organization\"},\"potentialAction\":[{\"@type\":\"SearchAction\",\"target\":{\"@type\":\"EntryPoint\",\"urlTemplate\":\"https:\/\/www.mierlo-oldtimer.nl\/?s={search_term_string}\"},\"query-input\":{\"@type\":\"PropertyValueSpecification\",\"valueRequired\":true,\"valueName\":\"search_term_string\"}}],\"inLanguage\":\"fr-FR\"},{\"@type\":\"Organization\",\"@id\":\"https:\/\/www.mierlo-oldtimer.nl\/#organization\",\"name\":\"Arets-Oldtimers\",\"url\":\"https:\/\/www.mierlo-oldtimer.nl\/\",\"logo\":{\"@type\":\"ImageObject\",\"inLanguage\":\"fr-FR\",\"@id\":\"https:\/\/www.mierlo-oldtimer.nl\/#\/schema\/logo\/image\/\",\"url\":\"https:\/\/www.mierlo-oldtimer.nl\/wp-content\/uploads\/2015\/12\/logo.png\",\"contentUrl\":\"https:\/\/www.mierlo-oldtimer.nl\/wp-content\/uploads\/2015\/12\/logo.png\",\"width\":344,\"height\":68,\"caption\":\"Arets-Oldtimers\"},\"image\":{\"@id\":\"https:\/\/www.mierlo-oldtimer.nl\/#\/schema\/logo\/image\/\"}}]}<\/script>\n<!-- \/ Yoast SEO plugin. -->","yoast_head_json":{"title":"Offre - Mierlo Oldtimer","robots":{"index":"index","follow":"follow","max-snippet":"max-snippet:-1","max-image-preview":"max-image-preview:large","max-video-preview":"max-video-preview:-1"},"canonical":"https:\/\/www.mierlo-oldtimer.nl\/aanbod\/","og_locale":"fr_FR","og_type":"article","og_title":"Offre - Mierlo Oldtimer","og_url":"https:\/\/www.mierlo-oldtimer.nl\/aanbod\/","og_site_name":"Mierlo Oldtimer","article_modified_time":"2021-07-08T09:19:29+00:00","twitter_card":"summary_large_image","twitter_misc":{"Dur\u00e9e de lecture estim\u00e9e":"1 minute"},"schema":{"@context":"https:\/\/schema.org","@graph":[{"@type":"WebPage","@id":"https:\/\/www.mierlo-oldtimer.nl\/aanbod\/","url":"https:\/\/www.mierlo-oldtimer.nl\/aanbod\/","name":"Offre - Mierlo Oldtimer","isPartOf":{"@id":"https:\/\/www.mierlo-oldtimer.nl\/#website"},"datePublished":"2017-11-23T16:30:22+00:00","dateModified":"2021-07-08T09:19:29+00:00","breadcrumb":{"@id":"https:\/\/www.mierlo-oldtimer.nl\/aanbod\/#breadcrumb"},"inLanguage":"fr-FR","potentialAction":[{"@type":"ReadAction","target":["https:\/\/www.mierlo-oldtimer.nl\/aanbod\/"]}]},{"@type":"BreadcrumbList","@id":"https:\/\/www.mierlo-oldtimer.nl\/aanbod\/#breadcrumb","itemListElement":[{"@type":"ListItem","position":1,"name":"Home","item":"https:\/\/www.mierlo-oldtimer.nl\/"},{"@type":"ListItem","position":2,"name":"Aanbod"}]},{"@type":"WebSite","@id":"https:\/\/www.mierlo-oldtimer.nl\/#website","url":"https:\/\/www.mierlo-oldtimer.nl\/","name":"Mierlo Oldtimer","description":"Classic cars","publisher":{"@id":"https:\/\/www.mierlo-oldtimer.nl\/#organization"},"potentialAction":[{"@type":"SearchAction","target":{"@type":"EntryPoint","urlTemplate":"https:\/\/www.mierlo-oldtimer.nl\/?s={search_term_string}"},"query-input":{"@type":"PropertyValueSpecification","valueRequired":true,"valueName":"search_term_string"}}],"inLanguage":"fr-FR"},{"@type":"Organization","@id":"https:\/\/www.mierlo-oldtimer.nl\/#organization","name":"Arets-Oldtimers","url":"https:\/\/www.mierlo-oldtimer.nl\/","logo":{"@type":"ImageObject","inLanguage":"fr-FR","@id":"https:\/\/www.mierlo-oldtimer.nl\/#\/schema\/logo\/image\/","url":"https:\/\/www.mierlo-oldtimer.nl\/wp-content\/uploads\/2015\/12\/logo.png","contentUrl":"https:\/\/www.mierlo-oldtimer.nl\/wp-content\/uploads\/2015\/12\/logo.png","width":344,"height":68,"caption":"Arets-Oldtimers"},"image":{"@id":"https:\/\/www.mierlo-oldtimer.nl\/#\/schema\/logo\/image\/"}}]}},"jetpack_sharing_enabled":true,"_links":{"self":[{"href":"https:\/\/www.mierlo-oldtimer.nl\/fr\/wp-json\/wp\/v2\/pages\/2","targetHints":{"allow":["GET"]}}],"collection":[{"href":"https:\/\/www.mierlo-oldtimer.nl\/fr\/wp-json\/wp\/v2\/pages"}],"about":[{"href":"https:\/\/www.mierlo-oldtimer.nl\/fr\/wp-json\/wp\/v2\/types\/page"}],"author":[{"embeddable":true,"href":"https:\/\/www.mierlo-oldtimer.nl\/fr\/wp-json\/wp\/v2\/users\/1"}],"replies":[{"embeddable":true,"href":"https:\/\/www.mierlo-oldtimer.nl\/fr\/wp-json\/wp\/v2\/comments?post=2"}],"version-history":[{"count":16,"href":"https:\/\/www.mierlo-oldtimer.nl\/fr\/wp-json\/wp\/v2\/pages\/2\/revisions"}],"predecessor-version":[{"id":5307,"href":"https:\/\/www.mierlo-oldtimer.nl\/fr\/wp-json\/wp\/v2\/pages\/2\/revisions\/5307"}],"wp:attachment":[{"href":"https:\/\/www.mierlo-oldtimer.nl\/fr\/wp-json\/wp\/v2\/media?parent=2"}],"curies":[{"name":"wp","href":"https:\/\/api.w.org\/{rel}","templated":true}]}}